{"id":42,"date":"2021-09-06T21:50:07","date_gmt":"2021-09-07T00:50:07","guid":{"rendered":"https:\/\/dadosdr.uffs.edu.br\/?page_id=42"},"modified":"2021-11-16T21:27:25","modified_gmt":"2021-11-17T00:27:25","slug":"o-laboratorio-de-desenvolvimento-regional","status":"publish","type":"page","link":"https:\/\/dadosdr.uffs.edu.br\/index.php\/o-laboratorio-de-desenvolvimento-regional\/","title":{"rendered":"O Laborat\u00f3rio de Desenvolvimento Regional"},"content":{"rendered":"\n<p>O Laborat\u00f3rio de Desenvolvimento regional constitui-se em um ambiente virtual que pretende reunir, armazenar e integrar dados e informa\u00e7\u00f5es, ideias e debates acerca do desenvolvimento regional.<\/p>\n\n\n\n<p>Trata-se de um espa\u00e7o que ser\u00e1 importante para a divulga\u00e7\u00e3o de  pesquisas, estudos, informa\u00e7\u00f5es, not\u00edcias, opini\u00f5es, al\u00e9m da produ\u00e7\u00e3o acad\u00eamica e cient\u00edfica dos pesquisadores associados.<\/p>\n\n\n\n<p><\/p>\n\n\n\n<p><a href=\"https:\/\/scholar.google.com\/citations?hl=pt-BR&amp;user=ja52_GQAAAAJ&amp;view_op=list_works&amp;sortby=pubdate\">Google Acad\u00eamico<\/a><\/p>\n\n\n\n<p>Localiza\u00e7\u00e3o:<\/p>\n\n\n\n<iframe src=\"https:\/\/www.google.com\/maps\/embed?pb=!1m18!1m12!1m3!1d3517.829887683967!2d-54.740483949263115!3d-28.151666382524475!2m3!1f0!2f0!3f0!3m2!1i1024!2i768!4f13.1!3m3!1m2!1s0x94fed774fd4a5521%3A0x25297788778b4f64!2sUniversidade%20Federal%20da%20Fronteira%20Sul%2C%20Campus%20Cerro%20Largo!5e0!3m2!1spt-BR!2sbr!4v1633481325456!5m2!1spt-BR!2sbr\" width=\"600\" height=\"450\" style=\"border:0;\" allowfullscreen=\"\" loading=\"lazy\"><\/iframe>\n","protected":false},"excerpt":{"rendered":"<p>O Laborat\u00f3rio de Desenvolvimento regional constitui-se em um ambiente virtual que pretende reunir, armazenar e integrar dados e informa\u00e7\u00f5es, ideias e debates acerca do desenvolvimento regional. Trata-se de um espa\u00e7o que ser\u00e1 importante para a divulga\u00e7\u00e3o de pesquisas, estudos, informa\u00e7\u00f5es, not\u00edcias, opini\u00f5es, al\u00e9m da produ\u00e7\u00e3o acad\u00eamica e cient\u00edfica dos pesquisadores associados. Google Acad\u00eamico Localiza\u00e7\u00e3o:<\/p>\n","protected":false},"author":1,"featured_media":0,"parent":0,"menu_order":0,"comment_status":"closed","ping_status":"closed","template":"","meta":{"footnotes":""},"class_list":["post-42","page","type-page","status-publish","hentry"],"acf":[],"_links":{"self":[{"href":"https:\/\/dadosdr.uffs.edu.br\/index.php\/wp-json\/wp\/v2\/pages\/42","targetHints":{"allow":["GET"]}}],"collection":[{"href":"https:\/\/dadosdr.uffs.edu.br\/index.php\/wp-json\/wp\/v2\/pages"}],"about":[{"href":"https:\/\/dadosdr.uffs.edu.br\/index.php\/wp-json\/wp\/v2\/types\/page"}],"author":[{"embeddable":true,"href":"https:\/\/dadosdr.uffs.edu.br\/index.php\/wp-json\/wp\/v2\/users\/1"}],"replies":[{"embeddable":true,"href":"https:\/\/dadosdr.uffs.edu.br\/index.php\/wp-json\/wp\/v2\/comments?post=42"}],"version-history":[{"count":6,"href":"https:\/\/dadosdr.uffs.edu.br\/index.php\/wp-json\/wp\/v2\/pages\/42\/revisions"}],"predecessor-version":[{"id":493,"href":"https:\/\/dadosdr.uffs.edu.br\/index.php\/wp-json\/wp\/v2\/pages\/42\/revisions\/493"}],"wp:attachment":[{"href":"https:\/\/dadosdr.uffs.edu.br\/index.php\/wp-json\/wp\/v2\/media?parent=42"}],"curies":[{"name":"wp","href":"https:\/\/api.w.org\/{rel}","templated":true}]}}