{"id":354,"date":"2021-10-04T14:15:50","date_gmt":"2021-10-04T17:15:50","guid":{"rendered":"https:\/\/dadosdr.uffs.edu.br\/?page_id=354"},"modified":"2021-10-04T14:19:19","modified_gmt":"2021-10-04T17:19:19","slug":"pesquisadores","status":"publish","type":"page","link":"https:\/\/dadosdr.uffs.edu.br\/index.php\/pesquisadores\/","title":{"rendered":"Pesquisadores"},"content":{"rendered":"\n<p>O Laborat\u00f3rio de Desenvolvimento Regional \u00e9 constitu\u00eddo por pesquisadores docentes, egressos e discentes de programas de Mestrado da Universidade Federal da Fronteira Sul, principalmente do Programa de P\u00f3s Gradua\u00e7\u00e3o em Desenvolvimento e Pol\u00edticas P\u00fablicas, do campus Cerro Largo.<\/p>\n\n\n\n<p><\/p>\n\n\n\n<p><\/p>\n\n\n<div class=\"dr_w_opcoes\"><div class=\"dr_w_opcoes_titulo\">Exibir pesquisadores<\/div><div class=\"dr_w_opcoes_linha\"><input class=\"dr_w_opcoes_input\" type=\"checkbox\" id=\"dr_w_grupo_Discentes\" name=\"dr_w_grupo_Discentes\" value=\"Discentes\" checked><label for=\"dr_w_grupo_Discentes\">Discentes do PPGDPP<\/label><\/div><div class=\"dr_w_opcoes_linha\"><input class=\"dr_w_opcoes_input\" type=\"checkbox\" id=\"dr_w_grupo_Egressos\" name=\"dr_w_grupo_Egressos\" value=\"Egressos\" checked><label for=\"dr_w_grupo_Egressos\">Egressos do PGDPP<\/label><\/div><div class=\"dr_w_opcoes_linha\"><input class=\"dr_w_opcoes_input\" type=\"checkbox\" id=\"dr_w_grupo_Professores\" name=\"dr_w_grupo_Professores\" value=\"Professores\" checked><label for=\"dr_w_grupo_Professores\">Professores e Pesquisadores<\/label><\/div><\/div><div class=\"dr_w_lista\"><div class=\"dr_w_pesquisadores_linha dr_w_pesquisadores_Egressos\"><a href=\"https:\/\/dadosdr.uffs.edu.br\/index.php?pesquisador=andreia-frohlich-justen\"><div class=\"dr_w_lista_parte_imagem\"><img decoding=\"async\" src=\"https:\/\/dadosdr.uffs.edu.br\/wp-content\/uploads\/2021\/10\/andreia.jpeg\" \/><\/div><div class=\"dr_w_lista_parte_nome\">Ms.  Andr\u00e9ia Fr\u00f6hlich Justen<\/div><div class=\"dr_w_lista_parte_resumo\">Mestre em Desenvolvimento e Pol\u00edticas P\u00fablicas pela UFFS (2018). Assistente em administra\u00e7\u00e3o na Universidade Federal da Fronteira Sul - Campus Cerro Largo.<\/div><\/a><\/div><div class=\"dr_w_pesquisadores_linha dr_w_pesquisadores_Professores\"><a href=\"https:\/\/dadosdr.uffs.edu.br\/index.php?pesquisador=benedito-silva-neto\"><div class=\"dr_w_lista_parte_imagem\"><img decoding=\"async\" src=\"https:\/\/dadosdr.uffs.edu.br\/wp-content\/uploads\/2021\/10\/benedito.jpeg\" \/><\/div><div class=\"dr_w_lista_parte_nome\">Dr.  Benedito Silva Neto<\/div><div class=\"dr_w_lista_parte_resumo\">Doutorado em Agricultura Comparada e Desenvolvimento Agr\u00edcola. Professor do Programa de P\u00f3s-Gradua\u00e7\u00e3o em Desenvolvimento e Pol\u00edticas P\u00fablicas<\/div><\/a><\/div><div class=\"dr_w_pesquisadores_linha dr_w_pesquisadores_Professores\"><a href=\"https:\/\/dadosdr.uffs.edu.br\/index.php?pesquisador=carlos-eduardo-ruschel-anes\"><div class=\"dr_w_lista_parte_imagem\"><img decoding=\"async\" src=\"\" \/><\/div><div class=\"dr_w_lista_parte_nome\">Dr. Carlos Eduardo Ruschel Anes<\/div><div class=\"dr_w_lista_parte_resumo\">Doutorado em Desenvolvimento Regional (UNISC). Professor Adjunto da Universidade Federal da Fronteira Sul - UFFS. <\/div><\/a><\/div><div class=\"dr_w_pesquisadores_linha dr_w_pesquisadores_Egressos\"><a href=\"https:\/\/dadosdr.uffs.edu.br\/index.php?pesquisador=claudia-heck-egressos\"><div class=\"dr_w_lista_parte_imagem\"><img decoding=\"async\" src=\"\" \/><\/div><div class=\"dr_w_lista_parte_nome\"> Claudia Heck<\/div><div class=\"dr_w_lista_parte_resumo\"><\/div><\/a><\/div><div class=\"dr_w_pesquisadores_linha dr_w_pesquisadores_Professores\"><a href=\"https:\/\/dadosdr.uffs.edu.br\/index.php?pesquisador=dioneia-dalcin\"><div class=\"dr_w_lista_parte_imagem\"><img decoding=\"async\" src=\"\" \/><\/div><div class=\"dr_w_lista_parte_nome\">Dra.  Dion\u00e9ia Dalcin<\/div><div class=\"dr_w_lista_parte_resumo\">Doutorado em Agroneg\u00f3cios. Programa de P\u00f3s Gradua\u00e7\u00e3o em Desenvolvimento e Pol\u00edticas P\u00fablicas.<\/div><\/a><\/div><div class=\"dr_w_pesquisadores_linha dr_w_pesquisadores_Professores\"><a href=\"https:\/\/dadosdr.uffs.edu.br\/index.php?pesquisador=edemar-rotta\"><div class=\"dr_w_lista_parte_imagem\"><img decoding=\"async\" src=\"https:\/\/dadosdr.uffs.edu.br\/wp-content\/uploads\/2021\/09\/Edemar-Rotta-2.jpg\" \/><\/div><div class=\"dr_w_lista_parte_nome\">Dr.  Edemar Rotta<\/div><div class=\"dr_w_lista_parte_resumo\">Doutor em Servi\u00e7o Social. Professor do Programa de P\u00f3s Gradua\u00e7\u00e3o em Desenvolvimento e Pol\u00edticas P\u00fablicas \u2013 Mestrado.<\/div><\/a><\/div><div class=\"dr_w_pesquisadores_linha dr_w_pesquisadores_Professores\"><a href=\"https:\/\/dadosdr.uffs.edu.br\/index.php?pesquisador=enise-barth\"><div class=\"dr_w_lista_parte_imagem\"><img decoding=\"async\" src=\"https:\/\/dadosdr.uffs.edu.br\/wp-content\/uploads\/2021\/12\/enise.jpg\" \/><\/div><div class=\"dr_w_lista_parte_nome\">Dra. Enise Barth<\/div><div class=\"dr_w_lista_parte_resumo\">P\u00f3s-Doutora em Administra\u00e7\u00e3o e Doutora em Engenharia de Produ\u00e7\u00e3o. Professora do Mestrado em Desenvolvimento e Pol\u00edticas P\u00fablicas - campus Cerro Largo\/RS.<\/div><\/a><\/div><div class=\"dr_w_pesquisadores_linha dr_w_pesquisadores_Professores\"><a href=\"https:\/\/dadosdr.uffs.edu.br\/index.php?pesquisador=evandro-pedro-schneider\"><div class=\"dr_w_lista_parte_imagem\"><img decoding=\"async\" src=\"\" \/><\/div><div class=\"dr_w_lista_parte_nome\">Dr. Evandro Pedro Schneider<\/div><div class=\"dr_w_lista_parte_resumo\">Doutorado em Agronomia (2012) pela UFPel. Professor da Universidade Federal da Fronteira Sul - Campus Cerro Largo, RS.<\/div><\/a><\/div><div class=\"dr_w_pesquisadores_linha dr_w_pesquisadores_Egressos\"><a href=\"https:\/\/dadosdr.uffs.edu.br\/index.php?pesquisador=fabiano-kapelinski\"><div class=\"dr_w_lista_parte_imagem\"><img decoding=\"async\" src=\"https:\/\/dadosdr.uffs.edu.br\/wp-content\/uploads\/2021\/10\/Fabiano.jpeg\" \/><\/div><div class=\"dr_w_lista_parte_nome\">Ms.  Fabiano Kapelinski<\/div><div class=\"dr_w_lista_parte_resumo\">Mestre em Desenvolvimento e Pol\u00edticas P\u00fablicas -  UFFS (2021)<\/div><\/a><\/div><div class=\"dr_w_pesquisadores_linha dr_w_pesquisadores_Egressos\"><a href=\"https:\/\/dadosdr.uffs.edu.br\/index.php?pesquisador=felipe-micail-da-silva-smolski\"><div class=\"dr_w_lista_parte_imagem\"><img decoding=\"async\" src=\"https:\/\/dadosdr.uffs.edu.br\/wp-content\/uploads\/2021\/12\/felipe.jpg\" \/><\/div><div class=\"dr_w_lista_parte_nome\">Ms. Felipe Micail da Silva Smolski<\/div><div class=\"dr_w_lista_parte_resumo\">Mestre em Desenvolvimento e Pol\u00edticas P\u00fablicas pela Universidade Federal da Fronteira Sul - UFFS, Campus Cerro Largo.<\/div><\/a><\/div><div class=\"dr_w_pesquisadores_linha dr_w_pesquisadores_Professores\"><a href=\"https:\/\/dadosdr.uffs.edu.br\/index.php?pesquisador=herton-castiglioni-lopes\"><div class=\"dr_w_lista_parte_imagem\"><img decoding=\"async\" src=\"https:\/\/dadosdr.uffs.edu.br\/wp-content\/uploads\/2021\/10\/herton.jpeg\" \/><\/div><div class=\"dr_w_lista_parte_nome\">Dr.  Herton Castiglioni Lopes<\/div><div class=\"dr_w_lista_parte_resumo\">Doutorado em Economia do Desenvolvimento. Professor do Programa de P\u00f3s Gradua\u00e7\u00e3o em Desenvolvimento e Pol\u00edticas P\u00fablicas \u2013 Mestrado.<\/div><\/a><\/div><div class=\"dr_w_pesquisadores_linha dr_w_pesquisadores_Professores\"><a href=\"https:\/\/dadosdr.uffs.edu.br\/index.php?pesquisador=iara-denise-endruweit-battisti\"><div class=\"dr_w_lista_parte_imagem\"><img decoding=\"async\" src=\"https:\/\/dadosdr.uffs.edu.br\/wp-content\/uploads\/2021\/10\/Iara.jpeg\" \/><\/div><div class=\"dr_w_lista_parte_nome\">Dra. Iara Denise Endruweit Battisti<\/div><div class=\"dr_w_lista_parte_resumo\">Doutorado em Epidemiologia. Professora nos Programas de P\u00f3s Gradua\u00e7\u00e3o em Desenvolvimento e Pol\u00edticas P\u00fablicas e  Ambiente e Tecnologias Sustent\u00e1veis, na UFFS, campus Cerro Largo.<\/div><\/a><\/div><div class=\"dr_w_pesquisadores_linha dr_w_pesquisadores_Professores\"><a href=\"https:\/\/dadosdr.uffs.edu.br\/index.php?pesquisador=ivann-carlos-lago\"><div class=\"dr_w_lista_parte_imagem\"><img decoding=\"async\" src=\"https:\/\/dadosdr.uffs.edu.br\/wp-content\/uploads\/2021\/10\/ivann.jpeg\" \/><\/div><div class=\"dr_w_lista_parte_nome\">Dr.  Ivann Carlos Lago<\/div><div class=\"dr_w_lista_parte_resumo\">Doutorado em Sociologia Pol\u00edtica. Professor no Programa de Mestrado em Desenvolvimento e Pol\u00edticas P\u00fablicas.<\/div><\/a><\/div><div class=\"dr_w_pesquisadores_linha dr_w_pesquisadores_Discentes\"><a href=\"https:\/\/dadosdr.uffs.edu.br\/index.php?pesquisador=jaine-cristiane-wentroba\"><div class=\"dr_w_lista_parte_imagem\"><img decoding=\"async\" src=\"https:\/\/dadosdr.uffs.edu.br\/wp-content\/uploads\/2021\/12\/jainem.jpg\" \/><\/div><div class=\"dr_w_lista_parte_nome\"> Ja\u00edne Cristiane Wentroba<\/div><div class=\"dr_w_lista_parte_resumo\">Discente do Mestrado em Desenvolvimento e Pol\u00edticas P\u00fablicas - Universidade Federal da Fronteira Sul- campus Cerro Largo<\/div><\/a><\/div><div class=\"dr_w_pesquisadores_linha dr_w_pesquisadores_Egressos\"><a href=\"https:\/\/dadosdr.uffs.edu.br\/index.php?pesquisador=liara-lais-scheid\"><div class=\"dr_w_lista_parte_imagem\"><img decoding=\"async\" src=\"https:\/\/dadosdr.uffs.edu.br\/wp-content\/uploads\/2021\/12\/liara.png\" \/><\/div><div class=\"dr_w_lista_parte_nome\">Ms. Liara La\u00eds Scheid<\/div><div class=\"dr_w_lista_parte_resumo\">Mestre em Desenvolvimento e Pol\u00edticas P\u00fablicas pela Universidade Federal da Fronteira Sul (UFFS)<\/div><\/a><\/div><div class=\"dr_w_pesquisadores_linha dr_w_pesquisadores_Professores\"><a href=\"https:\/\/dadosdr.uffs.edu.br\/index.php?pesquisador=livio-osvaldo-arenhart\"><div class=\"dr_w_lista_parte_imagem\"><img decoding=\"async\" src=\"\" \/><\/div><div class=\"dr_w_lista_parte_nome\">Dr.  Livio Osvaldo Arenhart<\/div><div class=\"dr_w_lista_parte_resumo\">Doutorado em Filosofia. Professor no Programa de Mestrado em Desenvolvimento e Pol\u00edticas P\u00fablicas.<\/div><\/a><\/div><div class=\"dr_w_pesquisadores_linha dr_w_pesquisadores_Professores\"><a href=\"https:\/\/dadosdr.uffs.edu.br\/index.php?pesquisador=louise-de-lira-roedel-botelho\"><div class=\"dr_w_lista_parte_imagem\"><img decoding=\"async\" src=\"https:\/\/dadosdr.uffs.edu.br\/wp-content\/uploads\/2021\/12\/louise.jpg\" \/><\/div><div class=\"dr_w_lista_parte_nome\">Dra. Louise de Lira Roedel Botelho<\/div><div class=\"dr_w_lista_parte_resumo\">P\u00f3s Doutora e Doutora em Engenharia e Gest\u00e3o do Conhecimento. Professora do Mestrado em Desenvolvimento e Politicas P\u00fablicas da UFFS<\/div><\/a><\/div><div class=\"dr_w_pesquisadores_linha dr_w_pesquisadores_Discentes\"><a href=\"https:\/\/dadosdr.uffs.edu.br\/index.php?pesquisador=lucimary-leiria-fraga\"><div class=\"dr_w_lista_parte_imagem\"><img decoding=\"async\" src=\"\" \/><\/div><div class=\"dr_w_lista_parte_nome\"> Lucimary Leiria Fraga<\/div><div class=\"dr_w_lista_parte_resumo\"><\/div><\/a><\/div><div class=\"dr_w_pesquisadores_linha dr_w_pesquisadores_Egressos\"><a href=\"https:\/\/dadosdr.uffs.edu.br\/index.php?pesquisador=micheli-dos-santos\"><div class=\"dr_w_lista_parte_imagem\"><img decoding=\"async\" src=\"https:\/\/dadosdr.uffs.edu.br\/wp-content\/uploads\/2021\/10\/micheli-rotated.jpeg\" \/><\/div><div class=\"dr_w_lista_parte_nome\">Ms.  Micheli dos Santos<\/div><div class=\"dr_w_lista_parte_resumo\">Mestre em Desenvolvimento e Pol\u00edticas P\u00fablicas - Universidade Federal da Fronteira Sul (UFFS).  Assistente em Administra\u00e7\u00e3o da Universidade Federal da Fronteira Sul, campus Cerro Largo\/RS.<\/div><\/a><\/div><div class=\"dr_w_pesquisadores_linha dr_w_pesquisadores_Professores\"><a href=\"https:\/\/dadosdr.uffs.edu.br\/index.php?pesquisador=milton-cesar-gerhardt\"><div class=\"dr_w_lista_parte_imagem\"><img decoding=\"async\" src=\"\" \/><\/div><div class=\"dr_w_lista_parte_nome\"> Milton Cesar Gerhardt<\/div><div class=\"dr_w_lista_parte_resumo\"><\/div><\/a><\/div><div class=\"dr_w_pesquisadores_linha dr_w_pesquisadores_Professores\"><a href=\"https:\/\/dadosdr.uffs.edu.br\/index.php?pesquisador=monize-samara-visentini\"><div class=\"dr_w_lista_parte_imagem\"><img decoding=\"async\" src=\"https:\/\/dadosdr.uffs.edu.br\/wp-content\/uploads\/2021\/12\/monize.jpg\" \/><\/div><div class=\"dr_w_lista_parte_nome\">Dra. Monize S\u00e2mara Visentini<\/div><div class=\"dr_w_lista_parte_resumo\">Doutora em Administra\u00e7\u00e3o. Professora do Programa de Mestrado em Desenvolvimento e Pol\u00edticas P\u00fablicas (UFFS)<\/div><\/a><\/div><div class=\"dr_w_pesquisadores_linha dr_w_pesquisadores_Egressos\"><a href=\"https:\/\/dadosdr.uffs.edu.br\/index.php?pesquisador=neusa-rossini\"><div class=\"dr_w_lista_parte_imagem\"><img decoding=\"async\" src=\"https:\/\/dadosdr.uffs.edu.br\/wp-content\/uploads\/2021\/10\/Neusa.jpeg\" \/><\/div><div class=\"dr_w_lista_parte_nome\">Ms.  Neusa Rossini<\/div><div class=\"dr_w_lista_parte_resumo\">Mestre em Desenvolvimento e Pol\u00edticas P\u00fablicas pela Universidade Federal da Fronteira Sul, Campus Cerro Largo. Assessora de Planejamento da Universidade Federal da Fronteira Sul, Campus Cerro Largo. <\/div><\/a><\/div><div class=\"dr_w_pesquisadores_linha dr_w_pesquisadores_Discentes\"><a href=\"https:\/\/dadosdr.uffs.edu.br\/index.php?pesquisador=paola-vogt\"><div class=\"dr_w_lista_parte_imagem\"><img decoding=\"async\" src=\"\" \/><\/div><div class=\"dr_w_lista_parte_nome\"> Paola Vogt<\/div><div class=\"dr_w_lista_parte_resumo\"><\/div><\/a><\/div><div class=\"dr_w_pesquisadores_linha dr_w_pesquisadores_Professores\"><a href=\"https:\/\/dadosdr.uffs.edu.br\/index.php?pesquisador=reneo-pedro-prediger\"><div class=\"dr_w_lista_parte_imagem\"><img decoding=\"async\" src=\"https:\/\/dadosdr.uffs.edu.br\/wp-content\/uploads\/2021\/09\/reneo2.jpg\" \/><\/div><div class=\"dr_w_lista_parte_nome\">Dr.  Reneo Pedro Prediger<\/div><div class=\"dr_w_lista_parte_resumo\">Doutor em Desenvolvimento Regional. Professor da UFFS, campus Cerro Largo<\/div><\/a><\/div><div class=\"dr_w_pesquisadores_linha dr_w_pesquisadores_Professores\"><a href=\"https:\/\/dadosdr.uffs.edu.br\/index.php?pesquisador=sandra-vidal-nogueira\"><div class=\"dr_w_lista_parte_imagem\"><img decoding=\"async\" src=\"https:\/\/dadosdr.uffs.edu.br\/wp-content\/uploads\/2021\/12\/sandra.jpg\" \/><\/div><div class=\"dr_w_lista_parte_nome\">Dra. Sandra Vidal Nogueira<\/div><div class=\"dr_w_lista_parte_resumo\">P\u00f3s-Doutora em Direito. Doutorado em Educa\u00e7\u00e3o. Professora no Mestrado em Desenvolvimento e Pol\u00edticas P\u00fablicas, campus Cerro Largo<\/div><\/a><\/div><\/div>\n\n\n\n<p><\/p>\n","protected":false},"excerpt":{"rendered":"<p>O Laborat\u00f3rio de Desenvolvimento Regional \u00e9 constitu\u00eddo por pesquisadores docentes, egressos e discentes de programas de Mestrado da Universidade Federal da Fronteira Sul, principalmente do Programa de P\u00f3s Gradua\u00e7\u00e3o em Desenvolvimento e Pol\u00edticas P\u00fablicas, do campus Cerro Largo.<\/p>\n","protected":false},"author":1,"featured_media":0,"parent":0,"menu_order":0,"comment_status":"closed","ping_status":"closed","template":"","meta":{"footnotes":""},"class_list":["post-354","page","type-page","status-publish","hentry"],"acf":[],"_links":{"self":[{"href":"https:\/\/dadosdr.uffs.edu.br\/index.php\/wp-json\/wp\/v2\/pages\/354","targetHints":{"allow":["GET"]}}],"collection":[{"href":"https:\/\/dadosdr.uffs.edu.br\/index.php\/wp-json\/wp\/v2\/pages"}],"about":[{"href":"https:\/\/dadosdr.uffs.edu.br\/index.php\/wp-json\/wp\/v2\/types\/page"}],"author":[{"embeddable":true,"href":"https:\/\/dadosdr.uffs.edu.br\/index.php\/wp-json\/wp\/v2\/users\/1"}],"replies":[{"embeddable":true,"href":"https:\/\/dadosdr.uffs.edu.br\/index.php\/wp-json\/wp\/v2\/comments?post=354"}],"version-history":[{"count":2,"href":"https:\/\/dadosdr.uffs.edu.br\/index.php\/wp-json\/wp\/v2\/pages\/354\/revisions"}],"predecessor-version":[{"id":357,"href":"https:\/\/dadosdr.uffs.edu.br\/index.php\/wp-json\/wp\/v2\/pages\/354\/revisions\/357"}],"wp:attachment":[{"href":"https:\/\/dadosdr.uffs.edu.br\/index.php\/wp-json\/wp\/v2\/media?parent=354"}],"curies":[{"name":"wp","href":"https:\/\/api.w.org\/{rel}","templated":true}]}}