{"id":345,"date":"2021-10-03T12:06:21","date_gmt":"2021-10-03T15:06:21","guid":{"rendered":"https:\/\/dadosdr.uffs.edu.br\/?page_id=345"},"modified":"2023-03-06T21:31:51","modified_gmt":"2023-03-07T00:31:51","slug":"producao-ppgdpp-uffs-cerro-largo-rs","status":"publish","type":"page","link":"https:\/\/dadosdr.uffs.edu.br\/index.php\/producao-ppgdpp-uffs-cerro-largo-rs\/","title":{"rendered":"Produ\u00e7\u00e3o PPGDPP UFFS Cerro Largo &#8211; RS"},"content":{"rendered":"\n<p>A produ\u00e7\u00e3o cient\u00edfica dos docentes do Programa de P\u00f3s Gradua\u00e7\u00e3o em Desenvolvimento e Pol\u00edticas P\u00fablicas, a partir de 2015, foi reunida em um \u00fanico local de forma a facilitar a localiza\u00e7\u00e3o de livros, cap\u00edtulos, artigos e demais textos produzidos. <\/p>\n\n\n\n<p><\/p>\n\n\n\n<iframe loading=\"lazy\" src=\"https:\/\/rstudio-pubs-static.s3.amazonaws.com\/812655_116b95d3095a4558b03084198b3c2f76.html\" frameborder=\"0\" style=\"overflow:hidden;height:1000pt;width:100%\" height=\"100%\" width=\"100%\"><\/iframe>\n\n\n\n<p><\/p>\n","protected":false},"excerpt":{"rendered":"<p>A produ\u00e7\u00e3o cient\u00edfica dos docentes do Programa de P\u00f3s Gradua\u00e7\u00e3o em Desenvolvimento e Pol\u00edticas P\u00fablicas, a partir de 2015, foi reunida em um \u00fanico local de forma a facilitar a localiza\u00e7\u00e3o de livros, cap\u00edtulos, artigos e demais textos produzidos.<\/p>\n","protected":false},"author":1,"featured_media":0,"parent":0,"menu_order":0,"comment_status":"closed","ping_status":"closed","template":"","meta":{"footnotes":""},"class_list":["post-345","page","type-page","status-publish","hentry"],"acf":[],"_links":{"self":[{"href":"https:\/\/dadosdr.uffs.edu.br\/index.php\/wp-json\/wp\/v2\/pages\/345","targetHints":{"allow":["GET"]}}],"collection":[{"href":"https:\/\/dadosdr.uffs.edu.br\/index.php\/wp-json\/wp\/v2\/pages"}],"about":[{"href":"https:\/\/dadosdr.uffs.edu.br\/index.php\/wp-json\/wp\/v2\/types\/page"}],"author":[{"embeddable":true,"href":"https:\/\/dadosdr.uffs.edu.br\/index.php\/wp-json\/wp\/v2\/users\/1"}],"replies":[{"embeddable":true,"href":"https:\/\/dadosdr.uffs.edu.br\/index.php\/wp-json\/wp\/v2\/comments?post=345"}],"version-history":[{"count":14,"href":"https:\/\/dadosdr.uffs.edu.br\/index.php\/wp-json\/wp\/v2\/pages\/345\/revisions"}],"predecessor-version":[{"id":1521,"href":"https:\/\/dadosdr.uffs.edu.br\/index.php\/wp-json\/wp\/v2\/pages\/345\/revisions\/1521"}],"wp:attachment":[{"href":"https:\/\/dadosdr.uffs.edu.br\/index.php\/wp-json\/wp\/v2\/media?parent=345"}],"curies":[{"name":"wp","href":"https:\/\/api.w.org\/{rel}","templated":true}]}}