{"id":190,"date":"2021-09-14T14:04:33","date_gmt":"2021-09-14T17:04:33","guid":{"rendered":"https:\/\/dadosdr.uffs.edu.br\/?page_id=190"},"modified":"2021-09-14T14:04:33","modified_gmt":"2021-09-14T17:04:33","slug":"universidade-federal-da-fronteira-sul-campus-cerro-largo","status":"publish","type":"page","link":"https:\/\/dadosdr.uffs.edu.br\/index.php\/universidade-federal-da-fronteira-sul-campus-cerro-largo\/","title":{"rendered":"Universidade Federal da Fronteira Sul &#8211; Campus Cerro Largo"},"content":{"rendered":"\n<p>A Universidade Federal da Fronteira Sul (UFFS) foi criada por meio da Lei n.\u00ba 12.029, de 15 de setembro de 2009. A sede est\u00e1 localizada no munic\u00edpio de Chapec\u00f3, Estado de Santa Catarina. A Lei estabelece que a UFFS ter\u00e1 por objetivo ministrar ensino superior, desenvolver pesquisas e promover a extens\u00e3o universit\u00e1ria, caracterizando sua inser\u00e7\u00e3o regional. <\/p>\n\n\n\n<p>A UFFS, com atua\u00e7\u00e3o multicampi,  est\u00e1 localizada na mesorregi\u00e3o Grande Fronteira do Mercosul que compreende 396 munic\u00edpios do norte do Rio Grande do Sul, do oeste de Santa Catarina e do sudoeste do Paran\u00e1. Esta regi\u00e3o possui \u00e1rea total de 139 mil quil\u00f4metros quadrados e grau de urbaniza\u00e7\u00e3o relativamente baixo em rela\u00e7\u00e3o ao resto do Pa\u00eds, em torno de 65%, concentrando parcela significativa da popula\u00e7\u00e3o na zona rural. Esta significativa parcela do Brasil n\u00e3o possu\u00eda nenhuma universidade Federal. \u00c9 neste espa\u00e7o, ent\u00e3o, que a UFFS est\u00e1 inserida. \u00c9 para a popula\u00e7\u00e3o desta regi\u00e3o que suas a\u00e7\u00f5es e programas s\u00e3o prioritariamente direcionados.<\/p>\n\n\n\n<p>A UFFS est\u00e1 hoje distribu\u00edda em 6 campi: Chapec\u00f3, onde est\u00e1 situada a Reitoria, no estado de Santa Catarina; Realeza e Laranjeiras do Sul, no estado do Paran\u00e1 e Erechim, Cerro Largo e Passo Fundo no estado do Rio Grande do Sul.<\/p>\n\n\n\n<p><br>Sete cursos de gradua\u00e7\u00e3o s\u00e3o ofertados pelo campus Cerro Largo. No turno diurno os cursos de Administra\u00e7\u00e3o, Agronomia, Licenciatura em Ci\u00eancias Biol\u00f3gicas e Engenharia Ambiental. No turno da noite s\u00e3o oferecidos os cursos de Licenciatura em F\u00edsica, Licenciatura em Qu\u00edmica e Letras: Portugu\u00eas e Espanhol.<\/p>\n\n\n\n<p><br>O campus tamb\u00e9m oferece 3 programas de p\u00f3s-gradua\u00e7\u00e3o Stricto Sensu. O primeiro, implantado em 2014, \u00e9 o Mestrado em Desenvolvimento e Pol\u00edticas P\u00fablicas (PPGDPP). O segundo programa \u00e9 o Mestrado em Ambiente e Tecnologias Sustent\u00e1veis (PPGATS). O mais recente \u00e9 o Mestrado em Ensino de Ci\u00eancias (PPGEC).<\/p>\n\n\n\n<p>Mais informa\u00e7\u00f5es sobre o campus Cerro Largo podem ser obtidas no <a href=\"https:\/\/www.uffs.edu.br\/campi\/cerro-largo\" target=\"_blank\" rel=\"noreferrer noopener\">site<\/a> da Universidade Federal da Fronteira Sul.<\/p>\n\n\n\n<p><\/p>\n","protected":false},"excerpt":{"rendered":"<p>A Universidade Federal da Fronteira Sul (UFFS) foi criada por meio da Lei n.\u00ba 12.029, de 15 de setembro de 2009. A sede est\u00e1 localizada no munic\u00edpio de Chapec\u00f3, Estado de Santa Catarina. A Lei estabelece que a UFFS ter\u00e1 por objetivo ministrar ensino superior, desenvolver pesquisas e promover a extens\u00e3o universit\u00e1ria, caracterizando sua inser\u00e7\u00e3o <a href=\"https:\/\/dadosdr.uffs.edu.br\/index.php\/universidade-federal-da-fronteira-sul-campus-cerro-largo\/\" class=\"more-link\">&#8230;<span class=\"screen-reader-text\">  Universidade Federal da Fronteira Sul &#8211; Campus Cerro Largo<\/span><\/a><\/p>\n","protected":false},"author":1,"featured_media":0,"parent":0,"menu_order":0,"comment_status":"closed","ping_status":"closed","template":"","meta":{"footnotes":""},"class_list":["post-190","page","type-page","status-publish","hentry"],"acf":[],"_links":{"self":[{"href":"https:\/\/dadosdr.uffs.edu.br\/index.php\/wp-json\/wp\/v2\/pages\/190","targetHints":{"allow":["GET"]}}],"collection":[{"href":"https:\/\/dadosdr.uffs.edu.br\/index.php\/wp-json\/wp\/v2\/pages"}],"about":[{"href":"https:\/\/dadosdr.uffs.edu.br\/index.php\/wp-json\/wp\/v2\/types\/page"}],"author":[{"embeddable":true,"href":"https:\/\/dadosdr.uffs.edu.br\/index.php\/wp-json\/wp\/v2\/users\/1"}],"replies":[{"embeddable":true,"href":"https:\/\/dadosdr.uffs.edu.br\/index.php\/wp-json\/wp\/v2\/comments?post=190"}],"version-history":[{"count":1,"href":"https:\/\/dadosdr.uffs.edu.br\/index.php\/wp-json\/wp\/v2\/pages\/190\/revisions"}],"predecessor-version":[{"id":191,"href":"https:\/\/dadosdr.uffs.edu.br\/index.php\/wp-json\/wp\/v2\/pages\/190\/revisions\/191"}],"wp:attachment":[{"href":"https:\/\/dadosdr.uffs.edu.br\/index.php\/wp-json\/wp\/v2\/media?parent=190"}],"curies":[{"name":"wp","href":"https:\/\/api.w.org\/{rel}","templated":true}]}}