{"id":1862,"date":"2025-10-01T22:40:44","date_gmt":"2025-10-02T01:40:44","guid":{"rendered":"https:\/\/dadosdr.uffs.edu.br\/?page_id=1862"},"modified":"2026-02-10T00:00:13","modified_gmt":"2026-02-10T03:00:13","slug":"inscricoes-ppgats-2026","status":"publish","type":"page","link":"https:\/\/dadosdr.uffs.edu.br\/index.php\/inscricoes-ppgats-2026\/","title":{"rendered":"Inscri\u00e7\u00f5es PPGATS (2026)"},"content":{"rendered":"\n<p>As inscri\u00e7\u00f5es para o Processo Seletivo 2026 est\u00e3o encerradas!<\/p>\n","protected":false},"excerpt":{"rendered":"<p>As inscri\u00e7\u00f5es para o Processo Seletivo 2026 est\u00e3o encerradas!<\/p>\n","protected":false},"author":3,"featured_media":0,"parent":0,"menu_order":0,"comment_status":"closed","ping_status":"closed","template":"","meta":{"footnotes":""},"class_list":["post-1862","page","type-page","status-publish","hentry"],"acf":[],"_links":{"self":[{"href":"https:\/\/dadosdr.uffs.edu.br\/index.php\/wp-json\/wp\/v2\/pages\/1862","targetHints":{"allow":["GET"]}}],"collection":[{"href":"https:\/\/dadosdr.uffs.edu.br\/index.php\/wp-json\/wp\/v2\/pages"}],"about":[{"href":"https:\/\/dadosdr.uffs.edu.br\/index.php\/wp-json\/wp\/v2\/types\/page"}],"author":[{"embeddable":true,"href":"https:\/\/dadosdr.uffs.edu.br\/index.php\/wp-json\/wp\/v2\/users\/3"}],"replies":[{"embeddable":true,"href":"https:\/\/dadosdr.uffs.edu.br\/index.php\/wp-json\/wp\/v2\/comments?post=1862"}],"version-history":[{"count":3,"href":"https:\/\/dadosdr.uffs.edu.br\/index.php\/wp-json\/wp\/v2\/pages\/1862\/revisions"}],"predecessor-version":[{"id":1883,"href":"https:\/\/dadosdr.uffs.edu.br\/index.php\/wp-json\/wp\/v2\/pages\/1862\/revisions\/1883"}],"wp:attachment":[{"href":"https:\/\/dadosdr.uffs.edu.br\/index.php\/wp-json\/wp\/v2\/media?parent=1862"}],"curies":[{"name":"wp","href":"https:\/\/api.w.org\/{rel}","templated":true}]}}