{"id":186,"date":"2021-09-13T19:02:54","date_gmt":"2021-09-13T22:02:54","guid":{"rendered":"https:\/\/dadosdr.uffs.edu.br\/?page_id=186"},"modified":"2021-09-13T19:05:31","modified_gmt":"2021-09-13T22:05:31","slug":"programa-de-pos-graduacao-em-desenvolvimento-e-politicas-publicas-mestrado-ppgdpp-campus-cerro-largo","status":"publish","type":"page","link":"https:\/\/dadosdr.uffs.edu.br\/index.php\/programa-de-pos-graduacao-em-desenvolvimento-e-politicas-publicas-mestrado-ppgdpp-campus-cerro-largo\/","title":{"rendered":"Programa de P\u00f3s-Gradua\u00e7\u00e3o em Desenvolvimento e Pol\u00edticas P\u00fablicas (Mestrado) (PPGDPP) &#8211; Campus Cerro Largo"},"content":{"rendered":"\n<p>O PPGDPP tem&nbsp;por objetivo geral formar cientistas sociais qualificados, para a doc\u00eancia e a pesquisa, mediante uma s\u00f3lida forma\u00e7\u00e3o te\u00f3rica e cr\u00edtica na \u00e1rea de&nbsp;Desenvolvimento&nbsp;e Pol\u00edticas P\u00fablicas, numa perspectiva interdisciplinar, habilitando-os a usarem&nbsp;os conceitos e as ferramentas te\u00f3ricas fundamentais&nbsp; para an\u00e1lise da realidade socioecon\u00f4mica, pol\u00edtico-cultural e ambiental,&nbsp;em&nbsp;sentido amplo, e de modo especial, da realidade regional.<\/p>\n\n\n\n<p>O PPGDPP visa, sobretudo, formar profissionais qualificados para identificar, analisar, discutir e avaliar os problemas decorrentes do processo de transforma\u00e7\u00f5es econ\u00f4micas, sociais, pol\u00edticas, culturais e ambientais e de propor a\u00e7\u00f5es e projetos que contribuam para a promo\u00e7\u00e3o&nbsp; do&nbsp;desenvolvimento&nbsp;sustent\u00e1vel de forma interdisciplinar e comprometida com a democracia e a cidadania , constituindo-se&nbsp;em&nbsp;um espa\u00e7o para estudos, pesquisas e debates sobre o&nbsp;desenvolvimento&nbsp;e as pol\u00edticas p\u00fablicas,&nbsp;em&nbsp;suas diversas dimens\u00f5es, baseados&nbsp;em&nbsp;um enfoque interdisciplinar.<\/p>\n\n\n\n<p>&nbsp;O programa est\u00e1 organizado&nbsp;em&nbsp;duas linhas de pesquisa: Linha 01: Estado, Sociedade e Pol\u00edticas de&nbsp;Desenvolvimento&nbsp;e Linha 02: Din\u00e2micas Sociopol\u00edticas e experi\u00eancias de&nbsp;Desenvolvimento.<\/p>\n\n\n\n<p>S\u00e3o objetivos espec\u00edficos do PPGDPP:<\/p>\n\n\n\n<p>I) discutir criticamente as rela\u00e7\u00f5es entre cultura e&nbsp;desenvolvimento&nbsp;numa perspectiva interdisciplinar;<\/p>\n\n\n\n<p>II) diagnosticar e propor solu\u00e7\u00f5es inovadoras para problemas de&nbsp;desenvolvimento&nbsp;e as pol\u00edticas p\u00fablicas, tanto no \u00e2mbito regional quanto estadual e nacional, a partir de novas metodologias e tecnologias;<\/p>\n\n\n\n<p>III) subsidiar o planejamento, elabora\u00e7\u00e3o e gerenciamento de pol\u00edticas, programas e projetos de&nbsp;desenvolvimento;<\/p>\n\n\n\n<p>IV) desenvolver pesquisas e atuar no ensino superior nas \u00e1reas relacionadas com a quest\u00e3o do&nbsp;desenvolvimento&nbsp;e das pol\u00edticas p\u00fablicas;<\/p>\n\n\n\n<p>V) analisar a realidade regional a partir de alternativas que contribuam para projetos de&nbsp;desenvolvimento&nbsp;e de pol\u00edticas p\u00fablicas pautados na interdisciplinariedade e que busquem&nbsp;a promo\u00e7\u00e3o da democracia e da participa\u00e7\u00e3o;<\/p>\n\n\n\n<p>VI) compreender as problem\u00e1ticas regionais e os processos pol\u00edticos, econ\u00f4micos, sociais e culturais que influenciam as din\u00e2micas de&nbsp;desenvolvimento;<\/p>\n\n\n\n<p>VII) conhecer e analisar as pol\u00edticas governamentais vigentes no que diz respeito \u00e0 quest\u00e3o do&nbsp;desenvolvimento&nbsp;e das pol\u00edticas p\u00fablicas;<\/p>\n\n\n\n<p>VIII) estudar organiza\u00e7\u00f5es governamentais e n\u00e3o-governamentais que atuam na defini\u00e7\u00e3o, execu\u00e7\u00e3o e avalia\u00e7\u00e3o de pol\u00edticas p\u00fablicas ligadas ao&nbsp;desenvolvimento.<\/p>\n\n\n\n<p>O curso iniciou suas atividades&nbsp;em&nbsp;agosto de 2015.<\/p>\n\n\n\n<p id=\"apDin_normalItem_p_info\"><strong>Turno<\/strong>:&nbsp;Matutino e Vespertino<\/p>\n\n\n\n<p id=\"apDin_normalItem_p_info\"><strong>Dura\u00e7\u00e3o M\u00ednima<\/strong>:&nbsp;12 meses<\/p>\n\n\n\n<p id=\"apDin_normalItem_p_info\"><strong>Modalidade<\/strong>:&nbsp;Presencial<\/p>\n\n\n\n<p id=\"apDin_normalItem_p_info\"><strong>N\u00famero de vagas anuais<\/strong>:&nbsp;15<\/p>\n\n\n\n<p><\/p>\n\n\n\n<p>Acesse o <a href=\"https:\/\/www.uffs.edu.br\/campi\/cerro-largo\/cursos\/mestradocl\/mestrado_em_desenvolvimento_e_politicas_publicas\/apresentacao\" target=\"_blank\" rel=\"noreferrer noopener\">site<\/a> do programa para maiores informa\u00e7\u00f5es.<\/p>\n\n\n\n<p><\/p>\n","protected":false},"excerpt":{"rendered":"<p>O PPGDPP tem&nbsp;por objetivo geral formar cientistas sociais qualificados, para a doc\u00eancia e a pesquisa, mediante uma s\u00f3lida forma\u00e7\u00e3o te\u00f3rica e cr\u00edtica na \u00e1rea de&nbsp;Desenvolvimento&nbsp;e Pol\u00edticas P\u00fablicas, numa perspectiva interdisciplinar, habilitando-os a usarem&nbsp;os conceitos e as ferramentas te\u00f3ricas fundamentais&nbsp; para an\u00e1lise da realidade socioecon\u00f4mica, pol\u00edtico-cultural e ambiental,&nbsp;em&nbsp;sentido amplo, e de modo especial, da realidade regional. <a href=\"https:\/\/dadosdr.uffs.edu.br\/index.php\/programa-de-pos-graduacao-em-desenvolvimento-e-politicas-publicas-mestrado-ppgdpp-campus-cerro-largo\/\" class=\"more-link\">&#8230;<span class=\"screen-reader-text\">  Programa de P\u00f3s-Gradua\u00e7\u00e3o em Desenvolvimento e Pol\u00edticas P\u00fablicas (Mestrado) (PPGDPP) &#8211; Campus Cerro Largo<\/span><\/a><\/p>\n","protected":false},"author":1,"featured_media":0,"parent":0,"menu_order":0,"comment_status":"closed","ping_status":"closed","template":"","meta":{"footnotes":""},"class_list":["post-186","page","type-page","status-publish","hentry"],"acf":[],"_links":{"self":[{"href":"https:\/\/dadosdr.uffs.edu.br\/index.php\/wp-json\/wp\/v2\/pages\/186","targetHints":{"allow":["GET"]}}],"collection":[{"href":"https:\/\/dadosdr.uffs.edu.br\/index.php\/wp-json\/wp\/v2\/pages"}],"about":[{"href":"https:\/\/dadosdr.uffs.edu.br\/index.php\/wp-json\/wp\/v2\/types\/page"}],"author":[{"embeddable":true,"href":"https:\/\/dadosdr.uffs.edu.br\/index.php\/wp-json\/wp\/v2\/users\/1"}],"replies":[{"embeddable":true,"href":"https:\/\/dadosdr.uffs.edu.br\/index.php\/wp-json\/wp\/v2\/comments?post=186"}],"version-history":[{"count":3,"href":"https:\/\/dadosdr.uffs.edu.br\/index.php\/wp-json\/wp\/v2\/pages\/186\/revisions"}],"predecessor-version":[{"id":189,"href":"https:\/\/dadosdr.uffs.edu.br\/index.php\/wp-json\/wp\/v2\/pages\/186\/revisions\/189"}],"wp:attachment":[{"href":"https:\/\/dadosdr.uffs.edu.br\/index.php\/wp-json\/wp\/v2\/media?parent=186"}],"curies":[{"name":"wp","href":"https:\/\/api.w.org\/{rel}","templated":true}]}}