{"id":1741,"date":"2024-06-04T14:33:40","date_gmt":"2024-06-04T17:33:40","guid":{"rendered":"https:\/\/dadosdr.uffs.edu.br\/?page_id=1741"},"modified":"2024-07-27T00:01:22","modified_gmt":"2024-07-27T03:01:22","slug":"inscricoes-alunos-isolados-2024-2","status":"publish","type":"page","link":"https:\/\/dadosdr.uffs.edu.br\/index.php\/inscricoes-alunos-isolados-2024-2\/","title":{"rendered":"Inscri\u00e7\u00f5es alunos isolados 2024.2"},"content":{"rendered":"\n<figure class=\"wp-block-image size-full\"><img decoding=\"async\" src=\"https:\/\/dadosdr.uffs.edu.br\/wp-content\/uploads\/2024\/07\/programas.jpg\" alt=\"\" class=\"wp-image-1719\"\/><\/figure>\n\n\n<p>As inscri\u00e7\u00f5es para alunos isolados 2024.2 est\u00e3o encerradas!<\/p>","protected":false},"excerpt":{"rendered":"<p>As inscri\u00e7\u00f5es para alunos isolados 2024.2 est\u00e3o encerradas!<\/p>\n","protected":false},"author":3,"featured_media":0,"parent":0,"menu_order":0,"comment_status":"closed","ping_status":"closed","template":"","meta":{"footnotes":""},"class_list":["post-1741","page","type-page","status-publish","hentry"],"acf":[],"_links":{"self":[{"href":"https:\/\/dadosdr.uffs.edu.br\/index.php\/wp-json\/wp\/v2\/pages\/1741","targetHints":{"allow":["GET"]}}],"collection":[{"href":"https:\/\/dadosdr.uffs.edu.br\/index.php\/wp-json\/wp\/v2\/pages"}],"about":[{"href":"https:\/\/dadosdr.uffs.edu.br\/index.php\/wp-json\/wp\/v2\/types\/page"}],"author":[{"embeddable":true,"href":"https:\/\/dadosdr.uffs.edu.br\/index.php\/wp-json\/wp\/v2\/users\/3"}],"replies":[{"embeddable":true,"href":"https:\/\/dadosdr.uffs.edu.br\/index.php\/wp-json\/wp\/v2\/comments?post=1741"}],"version-history":[{"count":3,"href":"https:\/\/dadosdr.uffs.edu.br\/index.php\/wp-json\/wp\/v2\/pages\/1741\/revisions"}],"predecessor-version":[{"id":1754,"href":"https:\/\/dadosdr.uffs.edu.br\/index.php\/wp-json\/wp\/v2\/pages\/1741\/revisions\/1754"}],"wp:attachment":[{"href":"https:\/\/dadosdr.uffs.edu.br\/index.php\/wp-json\/wp\/v2\/media?parent=1741"}],"curies":[{"name":"wp","href":"https:\/\/api.w.org\/{rel}","templated":true}]}}