{"id":1618,"date":"2023-09-07T18:31:39","date_gmt":"2023-09-07T21:31:39","guid":{"rendered":"https:\/\/dadosdr.uffs.edu.br\/?page_id=1618"},"modified":"2023-09-11T11:05:14","modified_gmt":"2023-09-11T14:05:14","slug":"textos-processo-seletivo-ppgdpp-2024","status":"publish","type":"page","link":"https:\/\/dadosdr.uffs.edu.br\/index.php\/textos-processo-seletivo-ppgdpp-2024\/","title":{"rendered":"Textos &#8211; Processo Seletivo PPGDPP 2024"},"content":{"rendered":"\n<p>O Edital do Processo Seletivo 2024 do Programa de P\u00f3s Gradua\u00e7\u00e3o em Pol\u00edticas P\u00fablicas e Desenvolvimento definiu os textos a serem utilizados na sele\u00e7\u00e3o (de acordo com o item 4.4), os quais podem ser obtidos nos links que seguem:<\/p>\n\n\n\n<p><strong>Mestrado<\/strong><\/p>\n\n\n\n<p><a href=\"https:\/\/dadosdr.uffs.edu.br\/wp-content\/uploads\/2023\/09\/TEXTOS.2023.1.43087.pdf\" target=\"_blank\" rel=\"noreferrer noopener\">PASSOS, Luana; SILVEIRA, Fernando Gaiger; WALTENBERG, F\u00e1bio Domingues. A pol\u00edtica social e o conservadorismo econ\u00f4mico: o que revela o per\u00edodo recente? <strong>Textos &amp; Contextos,<\/strong> Porto Alegre, v. 22, n. 1, p. 1-23, jan.-dez. 2023. Dispon\u00edvel em: \u00a0https:\/\/revistaseletronicas.pucrs.br\/index.php\/fass\/article\/view\/43087<\/a><\/p>\n\n\n\n<p><a href=\"https:\/\/dadosdr.uffs.edu.br\/wp-content\/uploads\/2023\/09\/7akR35n46n7V.pdf\" target=\"_blank\" rel=\"noreferrer noopener\">BARTH, Enise; ANES, Carlos Eduardo Ruschel; BOTELHO, Louise de Lira Roedel; VOGT, Paola; GRZYBOVSKI, Denize. Tecnologia social integrada ao cooperativismo e a economia circular: reflex\u00f5es para um desenvolvimento sustent\u00e1vel. In: BOTELHO, Louise de Lira Roedel at al. (orgs.). <strong>Tecnologias sociais<\/strong> [recurso eletr\u00f4nico]: construindo debates sobre pol\u00edticas p\u00fablicas para o desenvolvimento. Cruz Alta: Ilustra\u00e7\u00e3o: 2023, p. 25-44. Dispon\u00edvel em: https:\/\/editorailustracao.com.br\/livro\/tecnologias-sociais<\/a><\/p>\n\n\n\n<p><strong>Doutorado<\/strong><\/p>\n\n\n\n<p><a href=\"https:\/\/dadosdr.uffs.edu.br\/wp-content\/uploads\/2023\/09\/18378-Texto-do-Artigo-83949-1-10-20230510.pdf\" target=\"_blank\" rel=\"noreferrer noopener\">BRAND\u00c3O, Carlos. A Condi\u00e7\u00e3o Latino-Americana Perif\u00e9rica-Dependente e seus Espa\u00e7os. <strong>Redes, <\/strong>Santa Cruz do Sul,v. 28, 2023. Dispon\u00edvel em: https:\/\/online.unisc.br\/seer\/index.php\/redes\/article\/view\/18378<\/a><\/p>\n\n\n\n<p><a href=\"https:\/\/dadosdr.uffs.edu.br\/wp-content\/uploads\/2023\/09\/Gestao-e-Controle-Social-em-Territorios-Elementos-Teorico-Conceituais-Volume-1.pdf\" target=\"_blank\" rel=\"noreferrer noopener\">LAGO, Ivann Carlos; ROTTA, Edemar. Modelos de an\u00e1lise de pol\u00edticas p\u00fablicas: contribui\u00e7\u00f5es do neoinstitucionalismo e o potencial das abordagens culturais. In: ALLEBRANDT, S\u00e9rgio Lu\u00eds (org.). <strong>Gest\u00e3o e Controle Social em Territ\u00f3rios<\/strong> [recurso impresso e eletr\u00f4nico]: elementos te\u00f3rico-conceituais. v. 1. Iju\u00ed: Ed. Uniju\u00ed, 2023. p. 209-227. Dispon\u00edvel em: https:\/\/www.editoraunijui.com.br\/produto\/2434<\/a><\/p>\n\n\n\n<p><\/p>\n","protected":false},"excerpt":{"rendered":"<p>O Edital do Processo Seletivo 2024 do Programa de P\u00f3s Gradua\u00e7\u00e3o em Pol\u00edticas P\u00fablicas e Desenvolvimento definiu os textos a serem utilizados na sele\u00e7\u00e3o (de acordo com o item 4.4), os quais podem ser obtidos nos links que seguem: Mestrado PASSOS, Luana; SILVEIRA, Fernando Gaiger; WALTENBERG, F\u00e1bio Domingues. A pol\u00edtica social e o conservadorismo econ\u00f4mico: <a href=\"https:\/\/dadosdr.uffs.edu.br\/index.php\/textos-processo-seletivo-ppgdpp-2024\/\" class=\"more-link\">&#8230;<span class=\"screen-reader-text\">  Textos &#8211; Processo Seletivo PPGDPP 2024<\/span><\/a><\/p>\n","protected":false},"author":3,"featured_media":0,"parent":0,"menu_order":0,"comment_status":"closed","ping_status":"closed","template":"","meta":{"footnotes":""},"class_list":["post-1618","page","type-page","status-publish","hentry"],"acf":[],"_links":{"self":[{"href":"https:\/\/dadosdr.uffs.edu.br\/index.php\/wp-json\/wp\/v2\/pages\/1618","targetHints":{"allow":["GET"]}}],"collection":[{"href":"https:\/\/dadosdr.uffs.edu.br\/index.php\/wp-json\/wp\/v2\/pages"}],"about":[{"href":"https:\/\/dadosdr.uffs.edu.br\/index.php\/wp-json\/wp\/v2\/types\/page"}],"author":[{"embeddable":true,"href":"https:\/\/dadosdr.uffs.edu.br\/index.php\/wp-json\/wp\/v2\/users\/3"}],"replies":[{"embeddable":true,"href":"https:\/\/dadosdr.uffs.edu.br\/index.php\/wp-json\/wp\/v2\/comments?post=1618"}],"version-history":[{"count":6,"href":"https:\/\/dadosdr.uffs.edu.br\/index.php\/wp-json\/wp\/v2\/pages\/1618\/revisions"}],"predecessor-version":[{"id":1632,"href":"https:\/\/dadosdr.uffs.edu.br\/index.php\/wp-json\/wp\/v2\/pages\/1618\/revisions\/1632"}],"wp:attachment":[{"href":"https:\/\/dadosdr.uffs.edu.br\/index.php\/wp-json\/wp\/v2\/media?parent=1618"}],"curies":[{"name":"wp","href":"https:\/\/api.w.org\/{rel}","templated":true}]}}