{"id":1616,"date":"2023-09-07T18:28:59","date_gmt":"2023-09-07T21:28:59","guid":{"rendered":"https:\/\/dadosdr.uffs.edu.br\/?page_id=1616"},"modified":"2023-10-17T00:00:22","modified_gmt":"2023-10-17T03:00:22","slug":"inscricoes-ppgdpp-2024","status":"publish","type":"page","link":"https:\/\/dadosdr.uffs.edu.br\/index.php\/inscricoes-ppgdpp-2024\/","title":{"rendered":"Inscri\u00e7\u00f5es PPGDPP (2024)"},"content":{"rendered":"\n<figure class=\"wp-block-image size-full\"><img loading=\"lazy\" decoding=\"async\" width=\"1024\" height=\"209\" src=\"https:\/\/dadosdr.uffs.edu.br\/wp-content\/uploads\/2023\/09\/ppgdpp_2024.png\" alt=\"\" class=\"wp-image-1638\" srcset=\"https:\/\/dadosdr.uffs.edu.br\/wp-content\/uploads\/2023\/09\/ppgdpp_2024.png 1024w, https:\/\/dadosdr.uffs.edu.br\/wp-content\/uploads\/2023\/09\/ppgdpp_2024-300x61.png 300w\" sizes=\"auto, (max-width: 1024px) 100vw, 1024px\" \/><\/figure>\n\n\n\n<p>As inscri\u00e7\u00f5es para o processo seletivo 2024 est\u00e3o encerradas.<\/p>\n","protected":false},"excerpt":{"rendered":"<p>As inscri\u00e7\u00f5es para o processo seletivo 2024 est\u00e3o encerradas.<\/p>\n","protected":false},"author":3,"featured_media":0,"parent":0,"menu_order":0,"comment_status":"closed","ping_status":"closed","template":"","meta":{"footnotes":""},"class_list":["post-1616","page","type-page","status-publish","hentry"],"acf":[],"_links":{"self":[{"href":"https:\/\/dadosdr.uffs.edu.br\/index.php\/wp-json\/wp\/v2\/pages\/1616","targetHints":{"allow":["GET"]}}],"collection":[{"href":"https:\/\/dadosdr.uffs.edu.br\/index.php\/wp-json\/wp\/v2\/pages"}],"about":[{"href":"https:\/\/dadosdr.uffs.edu.br\/index.php\/wp-json\/wp\/v2\/types\/page"}],"author":[{"embeddable":true,"href":"https:\/\/dadosdr.uffs.edu.br\/index.php\/wp-json\/wp\/v2\/users\/3"}],"replies":[{"embeddable":true,"href":"https:\/\/dadosdr.uffs.edu.br\/index.php\/wp-json\/wp\/v2\/comments?post=1616"}],"version-history":[{"count":4,"href":"https:\/\/dadosdr.uffs.edu.br\/index.php\/wp-json\/wp\/v2\/pages\/1616\/revisions"}],"predecessor-version":[{"id":1660,"href":"https:\/\/dadosdr.uffs.edu.br\/index.php\/wp-json\/wp\/v2\/pages\/1616\/revisions\/1660"}],"wp:attachment":[{"href":"https:\/\/dadosdr.uffs.edu.br\/index.php\/wp-json\/wp\/v2\/media?parent=1616"}],"curies":[{"name":"wp","href":"https:\/\/api.w.org\/{rel}","templated":true}]}}