{"id":1462,"date":"2023-02-06T00:01:00","date_gmt":"2023-02-06T03:01:00","guid":{"rendered":"https:\/\/dadosdr.uffs.edu.br\/?page_id=1462"},"modified":"2024-02-22T09:37:36","modified_gmt":"2024-02-22T12:37:36","slug":"inscricoes-alunos-isolados-2023","status":"publish","type":"page","link":"https:\/\/dadosdr.uffs.edu.br\/index.php\/inscricoes-alunos-isolados-2023\/","title":{"rendered":"Inscri\u00e7\u00f5es alunos isolados 2023"},"content":{"rendered":"\n<figure class=\"wp-block-image size-full\"><img loading=\"lazy\" decoding=\"async\" width=\"1024\" height=\"209\" src=\"https:\/\/dadosdr.uffs.edu.br\/wp-content\/uploads\/2023\/01\/alunosisolados.png\" alt=\"\" class=\"wp-image-1470\" srcset=\"https:\/\/dadosdr.uffs.edu.br\/wp-content\/uploads\/2023\/01\/alunosisolados.png 1024w, https:\/\/dadosdr.uffs.edu.br\/wp-content\/uploads\/2023\/01\/alunosisolados-300x61.png 300w\" sizes=\"auto, (max-width: 1024px) 100vw, 1024px\" \/><\/figure>\n\n\n\n<p>As inscri\u00e7\u00f5es para alunos isolados est\u00e3o encerradas.<\/p>\n\n\n\n<p><\/p>\n","protected":false},"excerpt":{"rendered":"<p>As inscri\u00e7\u00f5es para alunos isolados est\u00e3o encerradas.<\/p>\n","protected":false},"author":3,"featured_media":0,"parent":0,"menu_order":0,"comment_status":"closed","ping_status":"closed","template":"","meta":{"footnotes":""},"class_list":["post-1462","page","type-page","status-publish","hentry"],"acf":[],"_links":{"self":[{"href":"https:\/\/dadosdr.uffs.edu.br\/index.php\/wp-json\/wp\/v2\/pages\/1462","targetHints":{"allow":["GET"]}}],"collection":[{"href":"https:\/\/dadosdr.uffs.edu.br\/index.php\/wp-json\/wp\/v2\/pages"}],"about":[{"href":"https:\/\/dadosdr.uffs.edu.br\/index.php\/wp-json\/wp\/v2\/types\/page"}],"author":[{"embeddable":true,"href":"https:\/\/dadosdr.uffs.edu.br\/index.php\/wp-json\/wp\/v2\/users\/3"}],"replies":[{"embeddable":true,"href":"https:\/\/dadosdr.uffs.edu.br\/index.php\/wp-json\/wp\/v2\/comments?post=1462"}],"version-history":[{"count":7,"href":"https:\/\/dadosdr.uffs.edu.br\/index.php\/wp-json\/wp\/v2\/pages\/1462\/revisions"}],"predecessor-version":[{"id":1727,"href":"https:\/\/dadosdr.uffs.edu.br\/index.php\/wp-json\/wp\/v2\/pages\/1462\/revisions\/1727"}],"wp:attachment":[{"href":"https:\/\/dadosdr.uffs.edu.br\/index.php\/wp-json\/wp\/v2\/media?parent=1462"}],"curies":[{"name":"wp","href":"https:\/\/api.w.org\/{rel}","templated":true}]}}