{"id":1101,"date":"2022-08-08T11:11:27","date_gmt":"2022-08-08T14:11:27","guid":{"rendered":"https:\/\/dadosdr.uffs.edu.br\/?page_id=1101"},"modified":"2022-10-17T17:00:42","modified_gmt":"2022-10-17T20:00:42","slug":"inscricoes-ppgdpp-2023","status":"publish","type":"page","link":"https:\/\/dadosdr.uffs.edu.br\/index.php\/inscricoes-ppgdpp-2023\/","title":{"rendered":"Inscri\u00e7\u00f5es PPGDPP (2023)"},"content":{"rendered":"\n<figure class=\"wp-block-image size-large\"><img loading=\"lazy\" decoding=\"async\" width=\"1024\" height=\"209\" src=\"https:\/\/dadosdr.uffs.edu.br\/wp-content\/uploads\/2022\/08\/banner_2023-1024x209.png\" alt=\"\" class=\"wp-image-1108\" srcset=\"https:\/\/dadosdr.uffs.edu.br\/wp-content\/uploads\/2022\/08\/banner_2023-1024x209.png 1024w, https:\/\/dadosdr.uffs.edu.br\/wp-content\/uploads\/2022\/08\/banner_2023-300x61.png 300w, https:\/\/dadosdr.uffs.edu.br\/wp-content\/uploads\/2022\/08\/banner_2023.png 1285w\" sizes=\"auto, (max-width: 1024px) 100vw, 1024px\" \/><\/figure>\n\n\n\n<p>As inscri\u00e7\u00f5es para o processo seletivo est\u00e3o encerradas!<\/p>\n","protected":false},"excerpt":{"rendered":"<p>As inscri\u00e7\u00f5es para o processo seletivo est\u00e3o encerradas!<\/p>\n","protected":false},"author":3,"featured_media":0,"parent":0,"menu_order":0,"comment_status":"closed","ping_status":"closed","template":"","meta":{"footnotes":""},"class_list":["post-1101","page","type-page","status-publish","hentry"],"acf":[],"_links":{"self":[{"href":"https:\/\/dadosdr.uffs.edu.br\/index.php\/wp-json\/wp\/v2\/pages\/1101","targetHints":{"allow":["GET"]}}],"collection":[{"href":"https:\/\/dadosdr.uffs.edu.br\/index.php\/wp-json\/wp\/v2\/pages"}],"about":[{"href":"https:\/\/dadosdr.uffs.edu.br\/index.php\/wp-json\/wp\/v2\/types\/page"}],"author":[{"embeddable":true,"href":"https:\/\/dadosdr.uffs.edu.br\/index.php\/wp-json\/wp\/v2\/users\/3"}],"replies":[{"embeddable":true,"href":"https:\/\/dadosdr.uffs.edu.br\/index.php\/wp-json\/wp\/v2\/comments?post=1101"}],"version-history":[{"count":8,"href":"https:\/\/dadosdr.uffs.edu.br\/index.php\/wp-json\/wp\/v2\/pages\/1101\/revisions"}],"predecessor-version":[{"id":1347,"href":"https:\/\/dadosdr.uffs.edu.br\/index.php\/wp-json\/wp\/v2\/pages\/1101\/revisions\/1347"}],"wp:attachment":[{"href":"https:\/\/dadosdr.uffs.edu.br\/index.php\/wp-json\/wp\/v2\/media?parent=1101"}],"curies":[{"name":"wp","href":"https:\/\/api.w.org\/{rel}","templated":true}]}}